{"id":3660,"date":"2023-03-01T20:24:55","date_gmt":"2023-03-01T20:24:55","guid":{"rendered":"https:\/\/fortunoff-testimonies.be\/fr\/cookie-richtlinie-eu\/"},"modified":"2023-03-01T20:39:29","modified_gmt":"2023-03-01T20:39:29","slug":"cookie-richtlinie-eu","status":"publish","type":"page","link":"https:\/\/fortunoff-testimonies.be\/nl\/cookie-richtlinie-eu\/","title":{"rendered":"Cookiebeleid"},"content":{"rendered":"<!-- Legal document generated by Complianz | GDPR\/CCPA Cookie Consent https:\/\/wordpress.org\/plugins\/complianz-gdpr -->\n<div id=\"cmplz-document\" class=\"cmplz-document cookie-statement cmplz-document-eu\"><p><i>Dit cookiebeleid is voor het laatst bijgewerkt op 02\/21\/2023 en is van toepassing op burgers en wettelijk permanente inwoners van de Europese Economische Ruimte en Zwitserland.<\/i><br><\/p><h2>1. Introductie<\/h2><p>Op onze website, <a href=\"https:\/\/fortunoff-testimonies.be\/nl\">https:\/\/fortunoff-testimonies.be\/nl<\/a> (hierna: \u201cde website\u201d) wordt gebruikgemaakt van cookies en andere aanverwante technieken. (Hierna geldt dat alle technieken voor het gemak \u201ccookies\u201d worden genoemd). Ook via derden die door ons zijn ingeschakeld, worden cookies geplaatst. In het onderstaande document informeren wij u over het gebruik van cookies op onze website.<\/p><h2>2. Wat zijn cookies?<\/h2><p>Een cookie is een eenvoudig klein bestandje dat met pagina's van deze website wordt meegestuurd en door uw browser op uw harde schrijf van uw computer of ander apparaat wordt opgeslagen. De daarin opgeslagen informatie kan bij een volgend bezoek weer naar onze servers of die van de betreffende derde partijen teruggestuurd worden.<\/p><h2>3. Wat zijn scripts?<\/h2><p>Een script is een stukje programmacode dat wordt gebruikt om onze website goed te laten functioneren en interactief te maken. Deze code wordt uitgevoerd op onze server, of op uw apparatuur.<\/p><h2>4. Wat is een web beacon?<\/h2><p>Een web beacon (ook pixeltag) is een klein, onzichtbaar stukje tekst of afbeelding op een website dat gebruikt wordt om verkeer op een website in kaart te brengen. Om dit te doen worden er met behulp van web beacons verschillende gegevens van u opgeslagen.<\/p><h2>5. Cookies<\/h2><p class=\"cmplz-subtitle\">5.1 Technische of functionele cookies<\/p><p>Sommige cookies zorgen ervoor dat bepaalde onderdelen van de website goed werken en dat uw gebruikersvoorkeuren bekend blijven. Door het plaatsen van functionele cookies zorgen wij ervoor dat u onze website makkelijker kan bezoeken. Op deze manier hoeft u bijvoorbeeld niet steeds opnieuw dezelfde informatie in te voeren bij een bezoek aan onze website en is het onder andere mogelijk dat de artikelen in uw winkelwagen bewaard blijven tot dat u heeft afgerekend. Deze cookies mogen wij plaatsen zonder dat u hier toestemming voor geeft.<\/p><p class=\"cmplz-subtitle\">5.2 Statistieken cookies<\/p><p>Wij gebruiken statistieken cookies om de beleving voor onze gebruikers te optimaliseren. Wij krijgen door middel van statistieken cookies inzicht in het gebruik van onze website.&nbsp;Wij vragen uw toestemming om statistieken cookies te plaatsen.<\/p><h2>6. Geplaatste cookies<\/h2><div id=\"cmplz-cookies-overview\"><details class=\"cmplz-dropdown cmplz-service-desc cmplz-dropdown-cookiepolicy \">\n\t<summary class=\"cmplz-service-header\"><div>\n\t\t<h3>Q Translate<\/h3>\n\t\t<p>Functioneel<\/p>\n\t\t<label for=\"cmplz_service_q-translate\" class=\"cmplz_consent_per_service_label\"><span class=\"screen-reader-text\">Consent to service q-translate<\/span><\/label>\n\t\t<input type=\"checkbox\" id=\"cmplz_service_q-translate\" class=\"cmplz-accept-service \" data-service=\"q-translate\" data-category=\"functional\"><\/div>\n\t<\/summary>\n\t<div class=\"cmplz-service-description\">\n\t\t<h4>Gebruik<\/h4>\n\t\t<p>We gebruiken Q Translate voor taal management. <a target=\"_blank\" rel=\"noopener noreferrer nofollow\" href=\"https:\/\/cookiedatabase.org\/service\/q-translate\/\">Lees meer over Q Translate<\/a><\/p>\n\t<\/div>\n\t<div class=\"cmplz-sharing-data\">\n\t\t<h4>Delen van gegevens<\/h4>\n\t\t<p>Deze data wordt niet gedeeld met derde partijen.<\/p>\n\t<\/div>\n\t<div class=\"cookies-per-purpose\">\n    <div class=\"purpose\"><h4>Functioneel<\/h4><\/div>\n    <div class=\"name-header\">\n\t<h5>Naam<\/h5>\n<\/div>\n<div class=\"name\"><a target=\"_blank\" rel=\"noopener noreferrer nofollow\" href=\"https:\/\/cookiedatabase.org\/cookie\/q-translate\/qtrans_front_language\/\">qtrans_front_language<\/a><\/div>\n<div class=\"retention-header\">\n\t<h5>Vervaldatum<\/h5>\n<\/div>\n<div class=\"retention\"><\/div>\n<div class=\"function-header\">\n\t<h5>Functie<\/h5>\n<\/div>\n<div class=\"function\">Opslaan van taalvoorkeuren<\/div>\n\n<\/div>\n<\/details>\n<details class=\"cmplz-dropdown cmplz-service-desc cmplz-dropdown-cookiepolicy \">\n\t<summary class=\"cmplz-service-header\"><div>\n\t\t<h3>WordPress<\/h3>\n\t\t<p>Functioneel<\/p>\n\t\t<label for=\"cmplz_service_wordpress\" class=\"cmplz_consent_per_service_label\"><span class=\"screen-reader-text\">Consent to service wordpress<\/span><\/label>\n\t\t<input type=\"checkbox\" id=\"cmplz_service_wordpress\" class=\"cmplz-accept-service \" data-service=\"wordpress\" data-category=\"functional\"><\/div>\n\t<\/summary>\n\t<div class=\"cmplz-service-description\">\n\t\t<h4>Gebruik<\/h4>\n\t\t<p>We gebruiken WordPress voor website ontwikkeling. <a target=\"_blank\" rel=\"noopener noreferrer nofollow\" href=\"https:\/\/cookiedatabase.org\/service\/wordpress\/\">Lees meer over WordPress<\/a><\/p>\n\t<\/div>\n\t<div class=\"cmplz-sharing-data\">\n\t\t<h4>Delen van gegevens<\/h4>\n\t\t<p>Deze data wordt niet gedeeld met derde partijen.<\/p>\n\t<\/div>\n\t<div class=\"cookies-per-purpose\">\n    <div class=\"purpose\"><h4>Functioneel<\/h4><\/div>\n    <div class=\"name-header\">\n\t<h5>Naam<\/h5>\n<\/div>\n<div class=\"name\"><a target=\"_blank\" rel=\"noopener noreferrer nofollow\" href=\"https:\/\/cookiedatabase.org\/cookie\/wordpress\/wordpress_test_cookie\/\">wordpress_test_cookie<\/a><\/div>\n<div class=\"retention-header\">\n\t<h5>Vervaldatum<\/h5>\n<\/div>\n<div class=\"retention\">sessie<\/div>\n<div class=\"function-header\">\n\t<h5>Functie<\/h5>\n<\/div>\n<div class=\"function\">Checkt of cookies kunnen worden geplaatst<\/div>\n<div class=\"name-header\">\n\t<h5>Naam<\/h5>\n<\/div>\n<div class=\"name\"><a target=\"_blank\" rel=\"noopener noreferrer nofollow\" href=\"https:\/\/cookiedatabase.org\/cookie\/wordpress\/wordpress_logged_in_\/\">wordpress_logged_in_*<\/a><\/div>\n<div class=\"retention-header\">\n\t<h5>Vervaldatum<\/h5>\n<\/div>\n<div class=\"retention\">permanent<\/div>\n<div class=\"function-header\">\n\t<h5>Functie<\/h5>\n<\/div>\n<div class=\"function\">Ingelogd houden van gebruikers<\/div>\n<div class=\"name-header\">\n\t<h5>Naam<\/h5>\n<\/div>\n<div class=\"name\"><a target=\"_blank\" rel=\"noopener noreferrer nofollow\" href=\"https:\/\/cookiedatabase.org\/cookie\/wordpress\/wp-settings\/\">wp-settings-*<\/a><\/div>\n<div class=\"retention-header\">\n\t<h5>Vervaldatum<\/h5>\n<\/div>\n<div class=\"retention\">permanent<\/div>\n<div class=\"function-header\">\n\t<h5>Functie<\/h5>\n<\/div>\n<div class=\"function\">Opslaan van gebruikersvoorkeuren<\/div>\n<div class=\"name-header\">\n\t<h5>Naam<\/h5>\n<\/div>\n<div class=\"name\"><a target=\"_blank\" rel=\"noopener noreferrer nofollow\" href=\"https:\/\/cookiedatabase.org\/cookie\/wordpress\/wp-settings-time\/\">wp-settings-time-*<\/a><\/div>\n<div class=\"retention-header\">\n\t<h5>Vervaldatum<\/h5>\n<\/div>\n<div class=\"retention\">1 jaar<\/div>\n<div class=\"function-header\">\n\t<h5>Functie<\/h5>\n<\/div>\n<div class=\"function\">Opslaan van gebruikersvoorkeuren<\/div>\n\n<\/div>\n<\/details>\n<details class=\"cmplz-dropdown cmplz-service-desc cmplz-dropdown-cookiepolicy \">\n\t<summary class=\"cmplz-service-header\"><div>\n\t\t<h3>Wordfence<\/h3>\n\t\t<p>Functioneel<\/p>\n\t\t<label for=\"cmplz_service_wordfence\" class=\"cmplz_consent_per_service_label\"><span class=\"screen-reader-text\">Consent to service wordfence<\/span><\/label>\n\t\t<input type=\"checkbox\" id=\"cmplz_service_wordfence\" class=\"cmplz-accept-service \" data-service=\"wordfence\" data-category=\"functional\"><\/div>\n\t<\/summary>\n\t<div class=\"cmplz-service-description\">\n\t\t<h4>Gebruik<\/h4>\n\t\t<p>We gebruiken Wordfence voor website veiligheid. <a target=\"_blank\" rel=\"noopener noreferrer nofollow\" href=\"https:\/\/cookiedatabase.org\/service\/wordfence\/\">Lees meer over Wordfence<\/a><\/p>\n\t<\/div>\n\t<div class=\"cmplz-sharing-data\">\n\t\t<h4>Delen van gegevens<\/h4>\n\t\t<p>Voor meer informatie, lees de <a target=\"_blank\" rel=\"noopener noreferrer nofollow\" href=\"https:\/\/www.wordfence.com\/privacy-policy\/\">Wordfence Privacyverklaring<\/a>.<\/p>\n\t<\/div>\n\t<div class=\"cookies-per-purpose\">\n    <div class=\"purpose\"><h4>Functioneel<\/h4><\/div>\n    <div class=\"name-header\">\n\t<h5>Naam<\/h5>\n<\/div>\n<div class=\"name\"><a target=\"_blank\" rel=\"noopener noreferrer nofollow\" href=\"https:\/\/cookiedatabase.org\/cookie\/wordfence\/wfwaf-authcookie\/\">wfwaf-authcookie*<\/a><\/div>\n<div class=\"retention-header\">\n\t<h5>Vervaldatum<\/h5>\n<\/div>\n<div class=\"retention\">1 dag<\/div>\n<div class=\"function-header\">\n\t<h5>Functie<\/h5>\n<\/div>\n<div class=\"function\">Bepalen of de gebruiker is ingelogd<\/div>\n\n<\/div>\n<\/details>\n<details class=\"cmplz-dropdown cmplz-service-desc cmplz-dropdown-cookiepolicy \">\n\t<summary class=\"cmplz-service-header\"><div>\n\t\t<h3>Complianz<\/h3>\n\t\t<p>Functioneel<\/p>\n\t\t<label for=\"cmplz_service_complianz\" class=\"cmplz_consent_per_service_label\"><span class=\"screen-reader-text\">Consent to service complianz<\/span><\/label>\n\t\t<input type=\"checkbox\" id=\"cmplz_service_complianz\" class=\"cmplz-accept-service \" data-service=\"complianz\" data-category=\"functional\"><\/div>\n\t<\/summary>\n\t<div class=\"cmplz-service-description\">\n\t\t<h4>Gebruik<\/h4>\n\t\t<p>We gebruiken Complianz voor cookie toestemming registratie. <a target=\"_blank\" rel=\"noopener noreferrer nofollow\" href=\"https:\/\/cookiedatabase.org\/service\/complianz\/\">Lees meer over Complianz<\/a><\/p>\n\t<\/div>\n\t<div class=\"cmplz-sharing-data\">\n\t\t<h4>Delen van gegevens<\/h4>\n\t\t<p>Deze data wordt niet gedeeld met derde partijen.&nbsp;Voor meer informatie, lees de <a target=\"_blank\" rel=\"noopener noreferrer\" href=\"https:\/\/complianz.io\/legal\/privacy-statement\/\">Complianz Privacyverklaring<\/a>.<\/p>\n\t<\/div>\n\t<div class=\"cookies-per-purpose\">\n    <div class=\"purpose\"><h4>Functioneel<\/h4><\/div>\n    <div class=\"name-header\">\n\t<h5>Naam<\/h5>\n<\/div>\n<div class=\"name\"><a target=\"_blank\" rel=\"noopener noreferrer nofollow\" href=\"https:\/\/cookiedatabase.org\/cookie\/complianz\/cmplz_banner-status\/\">cmplz_banner-status<\/a><\/div>\n<div class=\"retention-header\">\n\t<h5>Vervaldatum<\/h5>\n<\/div>\n<div class=\"retention\">365 dagen<\/div>\n<div class=\"function-header\">\n\t<h5>Functie<\/h5>\n<\/div>\n<div class=\"function\">M\u00e9morise si la banni\u00e8re des cookies a \u00e9t\u00e9 refus\u00e9e<\/div>\n<div class=\"name-header\">\n\t<h5>Naam<\/h5>\n<\/div>\n<div class=\"name\"><a target=\"_blank\" rel=\"noopener noreferrer nofollow\" href=\"https:\/\/cookiedatabase.org\/cookie\/complianz\/cmplz_policy_id\/\">cmplz_policy_id<\/a><\/div>\n<div class=\"retention-header\">\n\t<h5>Vervaldatum<\/h5>\n<\/div>\n<div class=\"retention\">365 dagen<\/div>\n<div class=\"function-header\">\n\t<h5>Functie<\/h5>\n<\/div>\n<div class=\"function\">Registreren van geaccepteerde cookiebeleid ID<\/div>\n<div class=\"name-header\">\n\t<h5>Naam<\/h5>\n<\/div>\n<div class=\"name\"><a target=\"_blank\" rel=\"noopener noreferrer nofollow\" href=\"https:\/\/cookiedatabase.org\/cookie\/complianz\/cmplz_marketing\/\">cmplz_marketing<\/a><\/div>\n<div class=\"retention-header\">\n\t<h5>Vervaldatum<\/h5>\n<\/div>\n<div class=\"retention\">365 dagen<\/div>\n<div class=\"function-header\">\n\t<h5>Functie<\/h5>\n<\/div>\n<div class=\"function\">Opslaan van cookie voorkeuren<\/div>\n<div class=\"name-header\">\n\t<h5>Naam<\/h5>\n<\/div>\n<div class=\"name\"><a target=\"_blank\" rel=\"noopener noreferrer nofollow\" href=\"https:\/\/cookiedatabase.org\/cookie\/complianz\/cmplz_statistics\/\">cmplz_statistics<\/a><\/div>\n<div class=\"retention-header\">\n\t<h5>Vervaldatum<\/h5>\n<\/div>\n<div class=\"retention\">365 dagen<\/div>\n<div class=\"function-header\">\n\t<h5>Functie<\/h5>\n<\/div>\n<div class=\"function\">Opslaan van cookie voorkeuren<\/div>\n<div class=\"name-header\">\n\t<h5>Naam<\/h5>\n<\/div>\n<div class=\"name\"><a target=\"_blank\" rel=\"noopener noreferrer nofollow\" href=\"https:\/\/cookiedatabase.org\/cookie\/complianz\/cmplz_preferences\/\">cmplz_preferences<\/a><\/div>\n<div class=\"retention-header\">\n\t<h5>Vervaldatum<\/h5>\n<\/div>\n<div class=\"retention\">365 dagen<\/div>\n<div class=\"function-header\">\n\t<h5>Functie<\/h5>\n<\/div>\n<div class=\"function\">Opslaan van cookie voorkeuren<\/div>\n<div class=\"name-header\">\n\t<h5>Naam<\/h5>\n<\/div>\n<div class=\"name\"><a target=\"_blank\" rel=\"noopener noreferrer nofollow\" href=\"https:\/\/cookiedatabase.org\/cookie\/complianz\/cmplz_functional\/\">cmplz_functional<\/a><\/div>\n<div class=\"retention-header\">\n\t<h5>Vervaldatum<\/h5>\n<\/div>\n<div class=\"retention\">365 dagen<\/div>\n<div class=\"function-header\">\n\t<h5>Functie<\/h5>\n<\/div>\n<div class=\"function\">Opslaan van cookie voorkeuren<\/div>\n<div class=\"name-header\">\n\t<h5>Naam<\/h5>\n<\/div>\n<div class=\"name\"><a target=\"_blank\" rel=\"noopener noreferrer nofollow\" href=\"https:\/\/cookiedatabase.org\/cookie\/complianz\/cmplz_consented_services\/\">cmplz_consented_services<\/a><\/div>\n<div class=\"retention-header\">\n\t<h5>Vervaldatum<\/h5>\n<\/div>\n<div class=\"retention\">365 dagen<\/div>\n<div class=\"function-header\">\n\t<h5>Functie<\/h5>\n<\/div>\n<div class=\"function\">Opslaan van cookie voorkeuren<\/div>\n\n<\/div>\n<\/details>\n<details class=\"cmplz-dropdown cmplz-service-desc cmplz-dropdown-cookiepolicy \">\n\t<summary class=\"cmplz-service-header\"><div>\n\t\t<h3>Diversen<\/h3>\n\t\t<p>Doel wordt onderzocht<\/p>\n\t\t<label for=\"cmplz_service_diversen\" class=\"cmplz_consent_per_service_label\"><span class=\"screen-reader-text\">Consent to service diversen<\/span><\/label>\n\t\t<input type=\"checkbox\" id=\"cmplz_service_diversen\" class=\"cmplz-accept-service cmplz-hidden\" data-service=\"diversen\" data-category=\"functional\"><\/div>\n\t<\/summary>\n\t<div class=\"cmplz-service-description\">\n\t\t<h4>Gebruik<\/h4>\n\t\t<p><\/p>\n\t<\/div>\n\t<div class=\"cmplz-sharing-data\">\n\t\t<h4>Delen van gegevens<\/h4>\n\t\t<p>Het delen van gegevens is in afwachting van onderzoek<\/p>\n\t<\/div>\n\t<div class=\"cookies-per-purpose\">\n    <div class=\"purpose\"><h4>Doel wordt onderzocht<\/h4><\/div>\n    <div class=\"name-header\">\n\t<h5>Naam<\/h5>\n<\/div>\n<div class=\"name\">cmplz_cookie_data<\/div>\n<div class=\"retention-header\">\n\t<h5>Vervaldatum<\/h5>\n<\/div>\n<div class=\"retention\">365 dagen<\/div>\n<div class=\"function-header\">\n\t<h5>Functie<\/h5>\n<\/div>\n<div class=\"function\"><\/div>\n<div class=\"name-header\">\n\t<h5>Naam<\/h5>\n<\/div>\n<div class=\"name\">qtranslate-xt-admin-edit-language<\/div>\n<div class=\"retention-header\">\n\t<h5>Vervaldatum<\/h5>\n<\/div>\n<div class=\"retention\"><\/div>\n<div class=\"function-header\">\n\t<h5>Functie<\/h5>\n<\/div>\n<div class=\"function\"><\/div>\n<div class=\"name-header\">\n\t<h5>Naam<\/h5>\n<\/div>\n<div class=\"name\">hmwp_logged_in_login<\/div>\n<div class=\"retention-header\">\n\t<h5>Vervaldatum<\/h5>\n<\/div>\n<div class=\"retention\"><\/div>\n<div class=\"function-header\">\n\t<h5>Functie<\/h5>\n<\/div>\n<div class=\"function\"><\/div>\n<div class=\"name-header\">\n\t<h5>Naam<\/h5>\n<\/div>\n<div class=\"name\">wp_lang<\/div>\n<div class=\"retention-header\">\n\t<h5>Vervaldatum<\/h5>\n<\/div>\n<div class=\"retention\"><\/div>\n<div class=\"function-header\">\n\t<h5>Functie<\/h5>\n<\/div>\n<div class=\"function\"><\/div>\n<div class=\"name-header\">\n\t<h5>Naam<\/h5>\n<\/div>\n<div class=\"name\">OceanCustomizePreviewUrl<\/div>\n<div class=\"retention-header\">\n\t<h5>Vervaldatum<\/h5>\n<\/div>\n<div class=\"retention\"><\/div>\n<div class=\"function-header\">\n\t<h5>Functie<\/h5>\n<\/div>\n<div class=\"function\"><\/div>\n<div class=\"name-header\">\n\t<h5>Naam<\/h5>\n<\/div>\n<div class=\"name\">wpEmojiSettingsSupports<\/div>\n<div class=\"retention-header\">\n\t<h5>Vervaldatum<\/h5>\n<\/div>\n<div class=\"retention\"><\/div>\n<div class=\"function-header\">\n\t<h5>Functie<\/h5>\n<\/div>\n<div class=\"function\"><\/div>\n<div class=\"name-header\">\n\t<h5>Naam<\/h5>\n<\/div>\n<div class=\"name\">pll_language<\/div>\n<div class=\"retention-header\">\n\t<h5>Vervaldatum<\/h5>\n<\/div>\n<div class=\"retention\"><\/div>\n<div class=\"function-header\">\n\t<h5>Functie<\/h5>\n<\/div>\n<div class=\"function\"><\/div>\n<div class=\"name-header\">\n\t<h5>Naam<\/h5>\n<\/div>\n<div class=\"name\">wizardState<\/div>\n<div class=\"retention-header\">\n\t<h5>Vervaldatum<\/h5>\n<\/div>\n<div class=\"retention\"><\/div>\n<div class=\"function-header\">\n\t<h5>Functie<\/h5>\n<\/div>\n<div class=\"function\"><\/div>\n<div class=\"name-header\">\n\t<h5>Naam<\/h5>\n<\/div>\n<div class=\"name\">iawp_ignore_visitor<\/div>\n<div class=\"retention-header\">\n\t<h5>Vervaldatum<\/h5>\n<\/div>\n<div class=\"retention\"><\/div>\n<div class=\"function-header\">\n\t<h5>Functie<\/h5>\n<\/div>\n<div class=\"function\"><\/div>\n\n<\/div>\n<\/details>\n<\/div><h2>7. Toestemming<\/h2><p>Wanneer u onze website voor het eerst bezoekt, tonen wij een pop-up met uitleg over cookies. Zodra u klikt op \u2018Instellingen opslaan\u2019 geeft u ons toestemming om de categorie\u00ebn cookies en plugins te gebruiken die u heeft geselecteerd in de pop-up en welke zijn omschreven in het cookiebeleid. U kan via uw browser het plaatsen van cookies uitschakelen, u moet er dan wel rekening mee houden dat onze website dan mogelijk niet meer optimaal werkt.<\/p><p class=\"cmplz-subtitle\">7.1 Beheer uw cookie toestemming<\/p><div id=\"cmplz-manage-consent-container-nojavascript\">Je hebt het cookiebeleid geladen zonder ondersteuning voor JavaScript.&nbsp;Met AMP kan je de beheertoestemming knop onderaan de pagina gebruiken.<\/div><div id=\"cmplz-manage-consent-container\" class=\"cmplz-manage-consent-container\"><\/div><h2>8. Cookies in-\/uitschakelen en verwijderen<\/h2><p>Via uw internetbrowser kan u cookies automatisch of handmatig verwijderen. U kan ook aangeven dat bepaalde cookies niet geplaatst mogen worden. Een andere mogelijkheid is dat u uw internetbrowser zodanig instelt dat u een bericht ontvangt als er een cookie wordt geplaatst. Meer informatie over deze mogelijkheden kan u vinden in de instructies van de Help-functie van uw browser.<\/p><p>Let op: onze website werkt mogelijk niet optimaal als alle cookies zijn uitgeschakeld. Als u wel de cookies in uw browser verwijdert, worden ze na uw toestemming opnieuw geplaatst bij een nieuw bezoek aan onze websites.<\/p><h2>9. Uw rechten met betrekking tot persoonsgegevens<\/h2><p>U heeft de volgende rechten met betrekking tot uw persoonsgegevens:<\/p><ul>\n                    <li>U hebt het recht om te weten waarom uw persoonsgegevens nodig zijn, wat ermee gebeurt en hoe lang deze worden bewaard.<\/li>\n                    <li>Recht op inzage: u kan een verzoek indienen om inzage in uw persoonsgegevens die we van u verwerken.<\/li>\n                    <li>Recht op rectificatie en aanvulling: u hebt het recht om uw persoonsgegevens aan te vullen, te corrigeren, te verwijderen of te blokkeren wanneer u maar wilt.<\/li>\n                    <li>Als u ons toestemming geeft om uw gegevens te verwerken, heeft u het recht om die toestemming in te trekken en uw persoonsgegevens te laten verwijderen.<\/li>\n                    <li>Recht op gegevens portabiliteit: u hebt het recht om al uw persoonsgegevens op te vragen bij de verwerkingsverantwoordelijke en deze in zijn geheel over te dragen aan een andere verwerkingsverantwoordelijke.<\/li>\n                    <li>Recht op bezwaar: u kan bezwaar maken tegen de verwerking van uw gegevens. Wij komen hieraan tegemoet, tenzij er gegronde redenen voor verwerking zijn.<\/li>\n                <\/ul><p>Om deze rechten uit te kunnen oefenen, kan u contact met ons opnemen. Zie hiervoor de contactinformatie onder aan dit Cookiebeleid. Heeft u een klacht over hoe we met uw gegevens omgaan, dan horen wij dit graag van u, maar u heeft ook het recht om een klacht in te dienen bij de toezichthouder (de Autoriteit Persoonsgegevens).<\/p><h2>10. Contact details<\/h2><p>Voor vragen en\/of opmerkingen met betrekking tot ons Cookiebeleid en deze verklaring kan u contact met ons opnemen via de volgende contactinformatie:<\/p><p><span class=\"cmplz-contact-organisation\">Fondation Auschwitz \u2013 M\u00e9moire d'Auschwitz ASBL<\/span><br>\n                      <span class=\"cmplz-contact-address\">Rue aux Laines, 17 bo\u00eete 50 \u2013 B-1000 Bruxelles<\/span><br>\n                      <span class=\"cmplz-contact-country\">Belgi\u00eb<\/span><br>\n                    Website: <span class=\"cmplz-contact-domain\"><a href=\"https:\/\/fortunoff-testimonies.be\/nl\">https:\/\/fortunoff-testimonies.be\/nl<\/a><\/span><br>\n                    E-mail: <span class=\"cmplz-contact-email\"><span class=\"cmplz-obfuscate\">inf&#111;@<span class=\"cmplz-fmail-domain\">&#101;x&#046;c&#111;&#109;<\/span>ausc&#104;&#119;it&#122;.&#098;e<\/span><\/span><br>\n                    <span class=\"cmplz-contact-telephone\">Telefoonnummer: +32 (0)2 512 79 98<\/span><\/p><p>Dit cookiebeleid is gesynchroniseerd met <a href=\"https:\/\/cookiedatabase.org\/\" target=\"_blank\">cookiedatabase.org<\/a> op 02\/21\/2023.<\/p><\/div>","protected":false},"excerpt":{"rendered":"","protected":false},"author":1,"featured_media":0,"parent":0,"menu_order":0,"comment_status":"closed","ping_status":"closed","template":"","meta":{"ocean_post_layout":"full-width","ocean_both_sidebars_style":"","ocean_both_sidebars_content_width":0,"ocean_both_sidebars_sidebars_width":0,"ocean_sidebar":"0","ocean_second_sidebar":"0","ocean_disable_margins":"enable","ocean_add_body_class":"","ocean_shortcode_before_top_bar":"","ocean_shortcode_after_top_bar":"","ocean_shortcode_before_header":"","ocean_shortcode_after_header":"","ocean_has_shortcode":"","ocean_shortcode_after_title":"","ocean_shortcode_before_footer_widgets":"","ocean_shortcode_after_footer_widgets":"","ocean_shortcode_before_footer_bottom":"","ocean_shortcode_after_footer_bottom":"","ocean_display_top_bar":"default","ocean_display_header":"default","ocean_header_style":"","ocean_center_header_left_menu":"0","ocean_custom_header_template":"0","ocean_custom_logo":0,"ocean_custom_retina_logo":0,"ocean_custom_logo_max_width":0,"ocean_custom_logo_tablet_max_width":0,"ocean_custom_logo_mobile_max_width":0,"ocean_custom_logo_max_height":0,"ocean_custom_logo_tablet_max_height":0,"ocean_custom_logo_mobile_max_height":0,"ocean_header_custom_menu":"0","ocean_menu_typo_font_family":"0","ocean_menu_typo_font_subset":"","ocean_menu_typo_font_size":0,"ocean_menu_typo_font_size_tablet":0,"ocean_menu_typo_font_size_mobile":0,"ocean_menu_typo_font_size_unit":"px","ocean_menu_typo_font_weight":"","ocean_menu_typo_font_weight_tablet":"","ocean_menu_typo_font_weight_mobile":"","ocean_menu_typo_transform":"","ocean_menu_typo_transform_tablet":"","ocean_menu_typo_transform_mobile":"","ocean_menu_typo_line_height":0,"ocean_menu_typo_line_height_tablet":0,"ocean_menu_typo_line_height_mobile":0,"ocean_menu_typo_line_height_unit":"","ocean_menu_typo_spacing":0,"ocean_menu_typo_spacing_tablet":0,"ocean_menu_typo_spacing_mobile":0,"ocean_menu_typo_spacing_unit":"","ocean_menu_link_color":"","ocean_menu_link_color_hover":"","ocean_menu_link_color_active":"","ocean_menu_link_background":"","ocean_menu_link_hover_background":"","ocean_menu_link_active_background":"","ocean_menu_social_links_bg":"","ocean_menu_social_hover_links_bg":"","ocean_menu_social_links_color":"","ocean_menu_social_hover_links_color":"","ocean_disable_title":"default","ocean_disable_heading":"default","ocean_post_title":"","ocean_post_subheading":"","ocean_post_title_style":"","ocean_post_title_background_color":"","ocean_post_title_background":0,"ocean_post_title_bg_image_position":"","ocean_post_title_bg_image_attachment":"","ocean_post_title_bg_image_repeat":"","ocean_post_title_bg_image_size":"","ocean_post_title_height":0,"ocean_post_title_bg_overlay":0.5,"ocean_post_title_bg_overlay_color":"","ocean_disable_breadcrumbs":"default","ocean_breadcrumbs_color":"","ocean_breadcrumbs_separator_color":"","ocean_breadcrumbs_links_color":"","ocean_breadcrumbs_links_hover_color":"","ocean_display_footer_widgets":"default","ocean_display_footer_bottom":"default","ocean_custom_footer_template":"0","footnotes":""},"class_list":["post-3660","page","type-page","status-publish","hentry","entry"],"_links":{"self":[{"href":"https:\/\/fortunoff-testimonies.be\/nl\/wp-json\/wp\/v2\/pages\/3660"}],"collection":[{"href":"https:\/\/fortunoff-testimonies.be\/nl\/wp-json\/wp\/v2\/pages"}],"about":[{"href":"https:\/\/fortunoff-testimonies.be\/nl\/wp-json\/wp\/v2\/types\/page"}],"author":[{"embeddable":true,"href":"https:\/\/fortunoff-testimonies.be\/nl\/wp-json\/wp\/v2\/users\/1"}],"replies":[{"embeddable":true,"href":"https:\/\/fortunoff-testimonies.be\/nl\/wp-json\/wp\/v2\/comments?post=3660"}],"version-history":[{"count":0,"href":"https:\/\/fortunoff-testimonies.be\/nl\/wp-json\/wp\/v2\/pages\/3660\/revisions"}],"wp:attachment":[{"href":"https:\/\/fortunoff-testimonies.be\/nl\/wp-json\/wp\/v2\/media?parent=3660"}],"curies":[{"name":"wp","href":"https:\/\/api.w.org\/{rel}","templated":true}]}}